{"id":19021,"date":"2026-04-28T11:12:27","date_gmt":"2026-04-28T08:12:27","guid":{"rendered":"https:\/\/recoverlaboratory.com\/19021-2\/"},"modified":"2026-04-28T11:45:51","modified_gmt":"2026-04-28T08:45:51","slug":"19021-2","status":"publish","type":"page","link":"https:\/\/recoverlaboratory.com\/en\/19021-2\/","title":{"rendered":"De Profundis"},"content":{"rendered":"\n<div style=\"height:20px\" aria-hidden=\"true\" class=\"wp-block-spacer\"><\/div>\n\n<h1 class=\"wp-block-heading alignfull\" style=\"padding-right:var(--wp--preset--spacing--50);padding-left:var(--wp--preset--spacing--50)\">DE PROFUNDIS (WORK IN PROCESS)<\/h1>\n\n<div class=\"wp-block-columns alignfull is-layout-flex wp-container-core-columns-is-layout-c4028090 wp-block-columns-is-layout-flex\" style=\"padding-right:var(--wp--preset--spacing--10);padding-left:var(--wp--preset--spacing--10)\">\n<div class=\"wp-block-column is-layout-flow wp-block-column-is-layout-flow\" style=\"padding-left:0\">\n<figure class=\"wp-block-image size-large\"><img data-recalc-dims=\"1\" loading=\"lazy\" decoding=\"async\" width=\"1024\" height=\"683\" src=\"https:\/\/i0.wp.com\/recoverlaboratory.com\/wp-content\/uploads\/2026\/04\/4I9A6950.jpg?resize=1024%2C683&#038;ssl=1\" alt=\"\" class=\"wp-image-19063\" srcset=\"https:\/\/i0.wp.com\/recoverlaboratory.com\/wp-content\/uploads\/2026\/04\/4I9A6950.jpg?resize=1024%2C683&amp;ssl=1 1024w, https:\/\/i0.wp.com\/recoverlaboratory.com\/wp-content\/uploads\/2026\/04\/4I9A6950.jpg?resize=300%2C200&amp;ssl=1 300w, https:\/\/i0.wp.com\/recoverlaboratory.com\/wp-content\/uploads\/2026\/04\/4I9A6950.jpg?resize=150%2C100&amp;ssl=1 150w, https:\/\/i0.wp.com\/recoverlaboratory.com\/wp-content\/uploads\/2026\/04\/4I9A6950.jpg?resize=768%2C512&amp;ssl=1 768w, https:\/\/i0.wp.com\/recoverlaboratory.com\/wp-content\/uploads\/2026\/04\/4I9A6950.jpg?resize=1536%2C1025&amp;ssl=1 1536w, https:\/\/i0.wp.com\/recoverlaboratory.com\/wp-content\/uploads\/2026\/04\/4I9A6950.jpg?resize=1200%2C800&amp;ssl=1 1200w, https:\/\/i0.wp.com\/recoverlaboratory.com\/wp-content\/uploads\/2026\/04\/4I9A6950.jpg?w=2048&amp;ssl=1 2048w\" sizes=\"auto, (max-width: 1000px) 100vw, 1000px\" \/><\/figure>\n\n\n\n<p class=\"wp-block-paragraph\"><strong>Ty\u00f6ryhm\u00e4<\/strong>:<br\/><strong>Kuvanveisto<\/strong>: Sofi H\u00e4kkinen<br\/><strong>Sirkustaiteilijat<\/strong>: Miradonna Sirkka ja Amanda Homa<br\/><strong>Muusikko<\/strong>: Aleksi Kinnunen<br\/><br\/><strong>Teosta on tukenut: <\/strong><br\/>SKR, Taiteen edist\u00e4miskeskus<\/p>\n<\/div>\n\n\n\n<div class=\"wp-block-column is-layout-flow wp-block-column-is-layout-flow\" style=\"padding-top:0;padding-right:0;padding-bottom:0;padding-left:0\">\n<p class=\"wp-block-paragraph\"><strong>De Profundis<\/strong> is based on the interaction between visual arts, contemporary circus, performance art and sound. The artists balance between paradoxical emotions that overwhelm and the emptiness they create. The work draws inspiration from Oscar Wilde&#8217;s essay De Profundis, written for his lover from prison \u2013 in particular its emotional intensity and outrageous bitterness.  <\/p>\n\n\n\n<p class=\"wp-block-paragraph\">Materiality is a key element in the work: the sculptor frames the work with a metal and wood sculpture installation, inside and outside of which circus artists and a musician perform. All the works are circus instruments and musical instruments: the sounds of the work are made live by playing the sculptures and the aerial acrobatics and object manipulation are performed using parts of the sculpture installation. <\/p>\n\n\n\n<p class=\"wp-block-paragraph\">Among the materials, metal is linked to the social dimension of the work: in De Profundis, it is cold, hard and sometimes sharpened, yet it softens through sound and touch, producing surprising, sentimental tones in the work. The meaning of wood comes into focus as the modern mind: dead, fragmented pieces nailed and clamped together, broken and overloaded, but still trying to hold themselves together.  <\/p>\n<\/div>\n<\/div>\n\n<div class=\"wp-block-jetpack-tiled-gallery aligncenter is-style-rectangular\"><div class=\"\"><div class=\"tiled-gallery__gallery\"><div class=\"tiled-gallery__row\"><div class=\"tiled-gallery__col\" style=\"flex-basis:40.86068%\"><figure class=\"tiled-gallery__item\"><img decoding=\"async\" role=\"button\" tabindex=\"0\" aria-label=\"Open image 1 of 5 in full-screen\"srcset=\"https:\/\/i0.wp.com\/recoverlaboratory.com\/wp-content\/uploads\/2026\/04\/4I9A69041-1024x683.jpg?strip=info&#038;w=600&#038;ssl=1 600w,https:\/\/i0.wp.com\/recoverlaboratory.com\/wp-content\/uploads\/2026\/04\/4I9A69041-1024x683.jpg?strip=info&#038;w=900&#038;ssl=1 900w,https:\/\/i0.wp.com\/recoverlaboratory.com\/wp-content\/uploads\/2026\/04\/4I9A69041-1024x683.jpg?strip=info&#038;w=1200&#038;ssl=1 1200w,https:\/\/i0.wp.com\/recoverlaboratory.com\/wp-content\/uploads\/2026\/04\/4I9A69041-1024x683.jpg?strip=info&#038;w=1500&#038;ssl=1 1500w,https:\/\/i0.wp.com\/recoverlaboratory.com\/wp-content\/uploads\/2026\/04\/4I9A69041-1024x683.jpg?strip=info&#038;w=1800&#038;ssl=1 1800w,https:\/\/i0.wp.com\/recoverlaboratory.com\/wp-content\/uploads\/2026\/04\/4I9A69041-1024x683.jpg?strip=info&#038;w=2000&#038;ssl=1 2000w\" alt=\"\" data-height=\"1366\" data-id=\"19023\" data-link=\"https:\/\/recoverlaboratory.com\/de-profundis\/4i9a69041\/\" data-url=\"https:\/\/recoverlaboratory.com\/wp-content\/uploads\/2026\/04\/4I9A69041-1024x683.jpg\" data-width=\"2048\" src=\"https:\/\/i0.wp.com\/recoverlaboratory.com\/wp-content\/uploads\/2026\/04\/4I9A69041-1024x683.jpg?ssl=1\" data-amp-layout=\"responsive\"><\/figure><\/div><div class=\"tiled-gallery__col\" style=\"flex-basis:18.27864%\"><figure class=\"tiled-gallery__item\"><img decoding=\"async\" role=\"button\" tabindex=\"0\" aria-label=\"Open image 2 of 5 in full-screen\"srcset=\"https:\/\/i0.wp.com\/recoverlaboratory.com\/wp-content\/uploads\/2026\/04\/4I9A6874-683x1024.jpg?strip=info&#038;w=600&#038;ssl=1 600w,https:\/\/i0.wp.com\/recoverlaboratory.com\/wp-content\/uploads\/2026\/04\/4I9A6874-683x1024.jpg?strip=info&#038;w=900&#038;ssl=1 900w,https:\/\/i0.wp.com\/recoverlaboratory.com\/wp-content\/uploads\/2026\/04\/4I9A6874-683x1024.jpg?strip=info&#038;w=1200&#038;ssl=1 1200w,https:\/\/i0.wp.com\/recoverlaboratory.com\/wp-content\/uploads\/2026\/04\/4I9A6874-683x1024.jpg?strip=info&#038;w=1366&#038;ssl=1 1366w\" alt=\"\" data-height=\"2048\" data-id=\"19027\" data-link=\"https:\/\/recoverlaboratory.com\/de-profundis\/4i9a6874\/\" data-url=\"https:\/\/recoverlaboratory.com\/wp-content\/uploads\/2026\/04\/4I9A6874-683x1024.jpg\" data-width=\"1366\" src=\"https:\/\/i0.wp.com\/recoverlaboratory.com\/wp-content\/uploads\/2026\/04\/4I9A6874-683x1024.jpg?ssl=1\" data-amp-layout=\"responsive\"><\/figure><\/div><div class=\"tiled-gallery__col\" style=\"flex-basis:40.86068%\"><figure class=\"tiled-gallery__item\"><img decoding=\"async\" role=\"button\" tabindex=\"0\" aria-label=\"Open image 3 of 5 in full-screen\"srcset=\"https:\/\/i0.wp.com\/recoverlaboratory.com\/wp-content\/uploads\/2026\/04\/4I9A6906-1024x683.jpg?strip=info&#038;w=600&#038;ssl=1 600w,https:\/\/i0.wp.com\/recoverlaboratory.com\/wp-content\/uploads\/2026\/04\/4I9A6906-1024x683.jpg?strip=info&#038;w=900&#038;ssl=1 900w,https:\/\/i0.wp.com\/recoverlaboratory.com\/wp-content\/uploads\/2026\/04\/4I9A6906-1024x683.jpg?strip=info&#038;w=1200&#038;ssl=1 1200w,https:\/\/i0.wp.com\/recoverlaboratory.com\/wp-content\/uploads\/2026\/04\/4I9A6906-1024x683.jpg?strip=info&#038;w=1500&#038;ssl=1 1500w,https:\/\/i0.wp.com\/recoverlaboratory.com\/wp-content\/uploads\/2026\/04\/4I9A6906-1024x683.jpg?strip=info&#038;w=1800&#038;ssl=1 1800w,https:\/\/i0.wp.com\/recoverlaboratory.com\/wp-content\/uploads\/2026\/04\/4I9A6906-1024x683.jpg?strip=info&#038;w=2000&#038;ssl=1 2000w\" alt=\"\" data-height=\"1366\" data-id=\"19029\" data-link=\"https:\/\/recoverlaboratory.com\/de-profundis\/4i9a6906\/\" data-url=\"https:\/\/recoverlaboratory.com\/wp-content\/uploads\/2026\/04\/4I9A6906-1024x683.jpg\" data-width=\"2048\" src=\"https:\/\/i0.wp.com\/recoverlaboratory.com\/wp-content\/uploads\/2026\/04\/4I9A6906-1024x683.jpg?ssl=1\" data-amp-layout=\"responsive\"><\/figure><\/div><\/div><div class=\"tiled-gallery__row\"><div class=\"tiled-gallery__col\" style=\"flex-basis:50.00000%\"><figure class=\"tiled-gallery__item\"><img decoding=\"async\" role=\"button\" tabindex=\"0\" aria-label=\"Open image 4 of 5 in full-screen\"srcset=\"https:\/\/i0.wp.com\/recoverlaboratory.com\/wp-content\/uploads\/2026\/04\/4I9A6881-683x1024.jpg?strip=info&#038;w=600&#038;ssl=1 600w,https:\/\/i0.wp.com\/recoverlaboratory.com\/wp-content\/uploads\/2026\/04\/4I9A6881-683x1024.jpg?strip=info&#038;w=900&#038;ssl=1 900w,https:\/\/i0.wp.com\/recoverlaboratory.com\/wp-content\/uploads\/2026\/04\/4I9A6881-683x1024.jpg?strip=info&#038;w=1200&#038;ssl=1 1200w,https:\/\/i0.wp.com\/recoverlaboratory.com\/wp-content\/uploads\/2026\/04\/4I9A6881-683x1024.jpg?strip=info&#038;w=1366&#038;ssl=1 1366w\" alt=\"\" data-height=\"2048\" data-id=\"19024\" data-link=\"https:\/\/recoverlaboratory.com\/de-profundis\/4i9a6881\/\" data-url=\"https:\/\/recoverlaboratory.com\/wp-content\/uploads\/2026\/04\/4I9A6881-683x1024.jpg\" data-width=\"1366\" src=\"https:\/\/i0.wp.com\/recoverlaboratory.com\/wp-content\/uploads\/2026\/04\/4I9A6881-683x1024.jpg?ssl=1\" data-amp-layout=\"responsive\"><\/figure><\/div><div class=\"tiled-gallery__col\" style=\"flex-basis:50.00000%\"><figure class=\"tiled-gallery__item\"><img decoding=\"async\" role=\"button\" tabindex=\"0\" aria-label=\"Open image 5 of 5 in full-screen\"srcset=\"https:\/\/i0.wp.com\/recoverlaboratory.com\/wp-content\/uploads\/2026\/04\/4I9A6937-683x1024.jpg?strip=info&#038;w=600&#038;ssl=1 600w,https:\/\/i0.wp.com\/recoverlaboratory.com\/wp-content\/uploads\/2026\/04\/4I9A6937-683x1024.jpg?strip=info&#038;w=900&#038;ssl=1 900w,https:\/\/i0.wp.com\/recoverlaboratory.com\/wp-content\/uploads\/2026\/04\/4I9A6937-683x1024.jpg?strip=info&#038;w=1200&#038;ssl=1 1200w,https:\/\/i0.wp.com\/recoverlaboratory.com\/wp-content\/uploads\/2026\/04\/4I9A6937-683x1024.jpg?strip=info&#038;w=1366&#038;ssl=1 1366w\" alt=\"\" data-height=\"2048\" data-id=\"19026\" data-link=\"https:\/\/recoverlaboratory.com\/de-profundis\/4i9a6937\/\" data-url=\"https:\/\/recoverlaboratory.com\/wp-content\/uploads\/2026\/04\/4I9A6937-683x1024.jpg\" data-width=\"1366\" src=\"https:\/\/i0.wp.com\/recoverlaboratory.com\/wp-content\/uploads\/2026\/04\/4I9A6937-683x1024.jpg?ssl=1\" data-amp-layout=\"responsive\"><\/figure><\/div><\/div><\/div><\/div><\/div>\n\n<figure class=\"wp-block-video wp-block-embed is-type-video is-provider-videopress\"><div class=\"wp-block-embed__wrapper\" style=\"max-width:371px;margin:auto\">\n<iframe title=\"VideoPress Video Player\" aria-label='VideoPress Video Player' width='421' height='750' src='https:\/\/videopress.com\/embed\/mWPsESGH?cover=1&amp;preloadContent=metadata&amp;useAverageColor=1&amp;hd=0' frameborder='0' allowfullscreen data-resize-to-parent=\"true\" allow='clipboard-write'><\/iframe><script src='https:\/\/v0.wordpress.com\/js\/next\/videopress-iframe.js?m=1770107250'><\/script>\n<\/div><\/figure>\n","protected":false},"excerpt":{"rendered":"<p>DE PROFUNDIS (WORK IN PROCESS) Ty\u00f6ryhm\u00e4:Kuvanveisto: Sofi H\u00e4kkinenSirkustaiteilijat: Miradonna Sirkka ja Amanda HomaMuusikko: Aleksi Kinnunen Teosta on tukenut: SKR, Taiteen edist\u00e4miskeskus De Profundis is based on the interaction between visual arts, contemporary circus, performance art and sound. The artists balance between paradoxical emotions that overwhelm and the emptiness they create. The work draws inspiration from [&hellip;]<\/p>\n","protected":false},"author":111139259,"featured_media":0,"parent":0,"menu_order":0,"comment_status":"closed","ping_status":"closed","template":"","meta":{"_coblocks_attr":"","_coblocks_dimensions":"","_coblocks_responsive_height":"","_coblocks_accordion_ie_support":"","_crdt_document":"","advanced_seo_description":"","jetpack_seo_html_title":"","jetpack_seo_noindex":false,"footnotes":""},"class_list":["post-19021","page","type-page","status-publish","hentry"],"jetpack_likes_enabled":true,"jetpack_sharing_enabled":true,"jetpack_shortlink":"https:\/\/wp.me\/P7Y2mO-4WN","_links":{"self":[{"href":"https:\/\/recoverlaboratory.com\/en\/wp-json\/wp\/v2\/pages\/19021","targetHints":{"allow":["GET"]}}],"collection":[{"href":"https:\/\/recoverlaboratory.com\/en\/wp-json\/wp\/v2\/pages"}],"about":[{"href":"https:\/\/recoverlaboratory.com\/en\/wp-json\/wp\/v2\/types\/page"}],"author":[{"embeddable":true,"href":"https:\/\/recoverlaboratory.com\/en\/wp-json\/wp\/v2\/users\/111139259"}],"replies":[{"embeddable":true,"href":"https:\/\/recoverlaboratory.com\/en\/wp-json\/wp\/v2\/comments?post=19021"}],"version-history":[{"count":12,"href":"https:\/\/recoverlaboratory.com\/en\/wp-json\/wp\/v2\/pages\/19021\/revisions"}],"predecessor-version":[{"id":19076,"href":"https:\/\/recoverlaboratory.com\/en\/wp-json\/wp\/v2\/pages\/19021\/revisions\/19076"}],"wp:attachment":[{"href":"https:\/\/recoverlaboratory.com\/en\/wp-json\/wp\/v2\/media?parent=19021"}],"curies":[{"name":"wp","href":"https:\/\/api.w.org\/{rel}","templated":true}]}}