{"id":6622,"date":"2023-02-13T04:21:51","date_gmt":"2023-02-13T02:21:51","guid":{"rendered":"https:\/\/recoverlaboratory.com\/video-jockey-vj\/"},"modified":"2025-03-31T12:42:51","modified_gmt":"2025-03-31T09:42:51","slug":"video-jockey-vj","status":"publish","type":"page","link":"https:\/\/recoverlaboratory.com\/en\/video-jockey-vj\/","title":{"rendered":"Video Jockey (VJ)"},"content":{"rendered":"\n<div class=\"wp-block-group alignfull has-global-padding is-layout-constrained wp-block-group-is-layout-constrained\">\n<div style=\"height:20px\" aria-hidden=\"true\" class=\"wp-block-spacer\"><\/div>\n\n\n\n<h2 class=\"wp-block-heading alignfull\" style=\"padding-right:var(--wp--preset--spacing--50);padding-left:var(--wp--preset--spacing--50);text-transform:uppercase\">Video Jockey (VJ)<\/h2>\n\n\n\n<div class=\"wp-block-columns alignfull is-layout-flex wp-container-core-columns-is-layout-6cc7c630 wp-block-columns-is-layout-flex\" style=\"padding-right:var(--wp--preset--spacing--40);padding-left:var(--wp--preset--spacing--40)\">\n<div class=\"wp-block-column is-layout-flow wp-block-column-is-layout-flow\" style=\"padding-left:0\">\n<figure class=\"wp-block-image size-large\"><img data-recalc-dims=\"1\" loading=\"lazy\" decoding=\"async\" width=\"1024\" height=\"686\" data-attachment-id=\"12248\" data-permalink=\"https:\/\/recoverlaboratory.com\/en\/video-jockey-vj\/kissa\/\" data-orig-file=\"https:\/\/i0.wp.com\/recoverlaboratory.com\/wp-content\/uploads\/2025\/02\/kissa.png?fit=1781%2C1194&amp;ssl=1\" data-orig-size=\"1781,1194\" data-comments-opened=\"0\" data-image-meta=\"{&quot;aperture&quot;:&quot;0&quot;,&quot;credit&quot;:&quot;&quot;,&quot;camera&quot;:&quot;&quot;,&quot;caption&quot;:&quot;&quot;,&quot;created_timestamp&quot;:&quot;0&quot;,&quot;copyright&quot;:&quot;&quot;,&quot;focal_length&quot;:&quot;0&quot;,&quot;iso&quot;:&quot;0&quot;,&quot;shutter_speed&quot;:&quot;0&quot;,&quot;title&quot;:&quot;&quot;,&quot;orientation&quot;:&quot;0&quot;}\" data-image-title=\"\" data-image-description=\"\" data-image-caption=\"\" data-large-file=\"https:\/\/i0.wp.com\/recoverlaboratory.com\/wp-content\/uploads\/2025\/02\/kissa.png?fit=1024%2C686&amp;ssl=1\" src=\"https:\/\/i0.wp.com\/recoverlaboratory.com\/wp-content\/uploads\/2025\/02\/kissa.png?resize=1024%2C686&#038;ssl=1\" alt=\"\" class=\"wp-image-12248\" srcset=\"https:\/\/i0.wp.com\/recoverlaboratory.com\/wp-content\/uploads\/2025\/02\/kissa.png?resize=1024%2C686&amp;ssl=1 1024w, https:\/\/i0.wp.com\/recoverlaboratory.com\/wp-content\/uploads\/2025\/02\/kissa.png?resize=300%2C201&amp;ssl=1 300w, https:\/\/i0.wp.com\/recoverlaboratory.com\/wp-content\/uploads\/2025\/02\/kissa.png?resize=150%2C101&amp;ssl=1 150w, https:\/\/i0.wp.com\/recoverlaboratory.com\/wp-content\/uploads\/2025\/02\/kissa.png?resize=768%2C515&amp;ssl=1 768w, https:\/\/i0.wp.com\/recoverlaboratory.com\/wp-content\/uploads\/2025\/02\/kissa.png?resize=1536%2C1030&amp;ssl=1 1536w, https:\/\/i0.wp.com\/recoverlaboratory.com\/wp-content\/uploads\/2025\/02\/kissa.png?w=1781&amp;ssl=1 1781w\" sizes=\"auto, (max-width: 1000px) 100vw, 1000px\" \/><\/figure>\n\n\n\n<p class=\"has-background wp-block-paragraph\" style=\"background-color:#f2e0ffc4\"><strong>Premiere:<\/strong><br>2020, Helsinki<br><br><strong>Crew:<\/strong><br>VJ: Saint Sifi (Sofi H\u00e4kkinen)<\/p>\n<\/div>\n\n\n\n<div class=\"wp-block-column has-background is-layout-flow wp-block-column-is-layout-flow\" style=\"background-color:#f2e0ffc4;padding-top:var(--wp--preset--spacing--30);padding-right:var(--wp--preset--spacing--30);padding-bottom:var(--wp--preset--spacing--30);padding-left:var(--wp--preset--spacing--30)\">\n<p class=\"wp-block-paragraph\"><strong>VJ Saint Sifi (ex Soccru)<\/strong>, or really Sofi H\u00e4kkinen, is a visual artist and Recover Laboratory&#8217;s artistic director. H\u00e4kkinen actively does VJ gigs at various events, festivals and artworks. With their live video projections H\u00e4kkinen has created ie. party visuals that engage in dialogue with the music, as well as created interesting site-specific projection atmospheres for immersive artworks. The locations have ranged from theater stages and wastewater treatment plants to parking halls, clubs, huge caves and even swimming pools.<\/p>\n\n\n\n<p class=\"wp-block-paragraph\">Saint Sifi will bless the night with humour and chaos. \u2764\ufe0f Their colourful, trashy and cute style will blend with the music in a retro-futuristic dreamscape. There will be tongues and dolphins and sparkles and blood \ud83d\udc96\ud83d\ude08\ud83e\ude78<\/p>\n\n\n\n<p class=\"wp-block-paragraph\">In addition to Recover Laboratory&#8217;s works, H\u00e4kkinen&#8217;s VJ work has been seen at among many others, Hobo Hotel&#8217;s Backhaus suite parties, Kaiku club (as a resident VJ) in Helsinki, DTM night club in Helsinki, Mit\u00e4s Mit\u00e4s Mit\u00e4s festival in Urjala Finland, Slush after parties, at Tampere-talo with Finnish rap artist Pyhimys, Helsinki City Theater&#8217;s Valokeilassa Koillinen project, Finnish tv series \u201cPenkinl\u00e4mmitt\u00e4j\u00e4t\u201d, in live concert streams of one of the biggest Finnish pop-rock singers Maija Vilkkumaa, and at various artists\u2019 concerts (e.g. Mechanic Membrane, feelswithcaps, Surrealiisa, Aki Himanen &amp; Aleksi Kinnunen Duo).<\/p>\n\n\n\n<p class=\"josefin-semibold-all-caps has-link-color wp-elements-c02f49cf073994f35d50a92b978628fb wp-block-paragraph\"><br><a href=\"https:\/\/sofihakkinen.com\/\"><\/a><a href=\"https:\/\/sofihakkinen.com\/\">www.sofihakkinen.com<\/a><\/p>\n<\/div>\n<\/div>\n\n\n\n<div class=\"wp-block-columns alignfull is-layout-flex wp-container-core-columns-is-layout-6cc7c630 wp-block-columns-is-layout-flex\" style=\"padding-right:var(--wp--preset--spacing--40);padding-left:var(--wp--preset--spacing--40)\">\n<div class=\"wp-block-column is-vertically-aligned-top is-layout-flow wp-block-column-is-layout-flow\" style=\"padding-top:0;padding-right:0;padding-bottom:0;padding-left:0\">\n<figure class=\"wp-block-embed is-type-video is-provider-youtube wp-block-embed-youtube wp-embed-aspect-16-9 wp-has-aspect-ratio\"><div class=\"wp-block-embed__wrapper\">\n<span class=\"embed-youtube\" style=\"text-align:center; display: block;\"><iframe loading=\"lazy\" class=\"youtube-player\" width=\"640\" height=\"360\" src=\"https:\/\/www.youtube.com\/embed\/RlRF9TByoYE?version=3&#038;rel=1&#038;showsearch=0&#038;showinfo=1&#038;iv_load_policy=1&#038;fs=1&#038;hl=en-US&#038;autohide=2&#038;wmode=transparent\" allowfullscreen=\"true\" style=\"border:0;\" sandbox=\"allow-scripts allow-same-origin allow-popups allow-presentation allow-popups-to-escape-sandbox\"><\/iframe><\/span>\n<\/div><\/figure>\n<\/div>\n\n\n\n<div class=\"wp-block-column is-layout-flow wp-block-column-is-layout-flow\">\n<figure class=\"wp-block-embed is-type-video is-provider-youtube wp-block-embed-youtube wp-embed-aspect-16-9 wp-has-aspect-ratio\"><div class=\"wp-block-embed__wrapper\">\n<span class=\"embed-youtube\" style=\"text-align:center; display: block;\"><iframe loading=\"lazy\" class=\"youtube-player\" width=\"640\" height=\"360\" src=\"https:\/\/www.youtube.com\/embed\/tPxPJM3tf1Y?version=3&#038;rel=1&#038;showsearch=0&#038;showinfo=1&#038;iv_load_policy=1&#038;fs=1&#038;hl=en-US&#038;autohide=2&#038;wmode=transparent\" allowfullscreen=\"true\" style=\"border:0;\" sandbox=\"allow-scripts allow-same-origin allow-popups allow-presentation allow-popups-to-escape-sandbox\"><\/iframe><\/span>\n<\/div><\/figure>\n<\/div>\n<\/div>\n\n\n\n<p class=\"wp-block-paragraph\"><\/p>\n<\/div>\n","protected":false},"excerpt":{"rendered":"<p>Video Jockey (VJ) Premiere:2020, Helsinki Crew:VJ: Saint Sifi (Sofi H\u00e4kkinen) VJ Saint Sifi (ex Soccru), or really Sofi H\u00e4kkinen, is a visual artist and Recover Laboratory&#8217;s artistic director. H\u00e4kkinen actively does VJ gigs at various events, festivals and artworks. With their live video projections H\u00e4kkinen has created ie. party visuals that engage in dialogue with [&hellip;]<\/p>\n","protected":false},"author":111139259,"featured_media":0,"parent":0,"menu_order":0,"comment_status":"closed","ping_status":"closed","template":"","meta":{"_coblocks_attr":"","_coblocks_dimensions":"","_coblocks_responsive_height":"","_coblocks_accordion_ie_support":"","_crdt_document":"","advanced_seo_description":"","jetpack_seo_html_title":"","jetpack_seo_noindex":false,"jetpack_post_was_ever_published":false,"footnotes":""},"class_list":["post-6622","page","type-page","status-publish","hentry"],"jetpack_likes_enabled":false,"jetpack_sharing_enabled":false,"jetpack_shortlink":"https:\/\/wp.me\/P7Y2mO-1IO","_links":{"self":[{"href":"https:\/\/recoverlaboratory.com\/en\/wp-json\/wp\/v2\/pages\/6622","targetHints":{"allow":["GET"]}}],"collection":[{"href":"https:\/\/recoverlaboratory.com\/en\/wp-json\/wp\/v2\/pages"}],"about":[{"href":"https:\/\/recoverlaboratory.com\/en\/wp-json\/wp\/v2\/types\/page"}],"author":[{"embeddable":true,"href":"https:\/\/recoverlaboratory.com\/en\/wp-json\/wp\/v2\/users\/111139259"}],"replies":[{"embeddable":true,"href":"https:\/\/recoverlaboratory.com\/en\/wp-json\/wp\/v2\/comments?post=6622"}],"version-history":[{"count":19,"href":"https:\/\/recoverlaboratory.com\/en\/wp-json\/wp\/v2\/pages\/6622\/revisions"}],"predecessor-version":[{"id":12631,"href":"https:\/\/recoverlaboratory.com\/en\/wp-json\/wp\/v2\/pages\/6622\/revisions\/12631"}],"wp:attachment":[{"href":"https:\/\/recoverlaboratory.com\/en\/wp-json\/wp\/v2\/media?parent=6622"}],"curies":[{"name":"wp","href":"https:\/\/api.w.org\/{rel}","templated":true}]}}